{"id":5998,"date":"2024-03-28T12:32:52","date_gmt":"2024-03-28T11:32:52","guid":{"rendered":"https:\/\/www.oftalica.com\/politique-de-qualite\/"},"modified":"2025-07-23T07:42:39","modified_gmt":"2025-07-23T05:42:39","slug":"politique-de-qualite","status":"publish","type":"page","link":"https:\/\/www.oftalica.com\/fr\/politique-de-qualite\/","title":{"rendered":"Politique de qualit\u00e9"},"content":{"rendered":"\t\t<div data-elementor-type=\"wp-page\" data-elementor-id=\"5998\" class=\"elementor elementor-5998 elementor-5954\">\n\t\t\t\t\t\t\t\t\t<section class=\"elementor-section elementor-top-section elementor-element elementor-element-7524507 elementor-section-boxed elementor-section-height-default elementor-section-height-default\" data-id=\"7524507\" data-element_type=\"section\" data-settings=\"{&quot;background_background&quot;:&quot;classic&quot;}\" data-e-bg-lazyload=\".elementor-background-overlay\">\n\t\t\t\t\t\t\t<div class=\"elementor-background-overlay\"><\/div>\n\t\t\t\t\t\t\t<div class=\"elementor-container elementor-column-gap-default\">\n\t\t\t\t\t<div class=\"elementor-column elementor-col-100 elementor-top-column elementor-element elementor-element-f2cbaf5\" data-id=\"f2cbaf5\" data-element_type=\"column\">\n\t\t\t<div class=\"elementor-widget-wrap elementor-element-populated\">\n\t\t\t\t\t\t\t\t<div class=\"elementor-element elementor-element-a427ec2 elementor-invisible elementor-widget elementor-widget-heading\" data-id=\"a427ec2\" data-element_type=\"widget\" data-settings=\"{&quot;_animation&quot;:&quot;fadeInDown&quot;}\" data-widget_type=\"heading.default\">\n\t\t\t\t<div class=\"elementor-widget-container\">\n\t\t\t<style>\/*! elementor - v3.12.1 - 02-04-2023 *\/\n.elementor-heading-title{padding:0;margin:0;line-height:1}.elementor-widget-heading .elementor-heading-title[class*=elementor-size-]>a{color:inherit;font-size:inherit;line-height:inherit}.elementor-widget-heading .elementor-heading-title.elementor-size-small{font-size:15px}.elementor-widget-heading .elementor-heading-title.elementor-size-medium{font-size:19px}.elementor-widget-heading .elementor-heading-title.elementor-size-large{font-size:29px}.elementor-widget-heading .elementor-heading-title.elementor-size-xl{font-size:39px}.elementor-widget-heading .elementor-heading-title.elementor-size-xxl{font-size:59px}<\/style><h1 class=\"elementor-heading-title elementor-size-default\">Notre politique de qualit\u00e9<\/h1>\t\t<\/div>\n\t\t\t\t<\/div>\n\t\t\t\t<div class=\"elementor-element elementor-element-4d1b40b elementor-view-default elementor-invisible elementor-widget elementor-widget-icon\" data-id=\"4d1b40b\" data-element_type=\"widget\" data-settings=\"{&quot;_animation&quot;:&quot;fadeInUp&quot;}\" data-widget_type=\"icon.default\">\n\t\t\t\t<div class=\"elementor-widget-container\">\n\t\t\t\t\t<div class=\"elementor-icon-wrapper\">\n\t\t\t<div class=\"elementor-icon\">\n\t\t\t<i aria-hidden=\"true\" class=\" ti-minus\"><\/i>\t\t\t<\/div>\n\t\t<\/div>\n\t\t\t\t<\/div>\n\t\t\t\t<\/div>\n\t\t\t\t\t<\/div>\n\t\t<\/div>\n\t\t\t\t\t\t\t<\/div>\n\t\t<\/section>\n\t\t<div class=\"elementor-element elementor-element-7b20159 e-con-boxed e-con\" data-id=\"7b20159\" data-element_type=\"container\" data-settings=\"{&quot;content_width&quot;:&quot;boxed&quot;}\">\n\t\t\t\t\t<div class=\"e-con-inner\">\n\t\t\t\t<div class=\"elementor-element elementor-element-79653a5 elementor-widget elementor-widget-image\" data-id=\"79653a5\" data-element_type=\"widget\" data-widget_type=\"image.default\">\n\t\t\t\t<div class=\"elementor-widget-container\">\n\t\t\t<style>\/*! elementor - v3.12.1 - 02-04-2023 *\/\n.elementor-widget-image{text-align:center}.elementor-widget-image a{display:inline-block}.elementor-widget-image a img[src$=\".svg\"]{width:48px}.elementor-widget-image img{vertical-align:middle;display:inline-block}<\/style>\t\t\t\t\t\t\t\t\t\t\t\t<img loading=\"lazy\" decoding=\"async\" width=\"768\" height=\"696\" src=\"https:\/\/www.oftalica.com\/wp-content\/uploads\/Logo-vertical.png\" class=\"attachment-full size-full wp-image-5958\" alt=\"\" srcset=\"https:\/\/www.oftalica.com\/wp-content\/uploads\/Logo-vertical.png 768w, https:\/\/www.oftalica.com\/wp-content\/uploads\/Logo-vertical-480x435.png 480w, https:\/\/www.oftalica.com\/wp-content\/uploads\/Logo-vertical-600x544.png 600w\" sizes=\"auto, (max-width: 768px) 100vw, 768px\" \/>\t\t\t\t\t\t\t\t\t\t\t\t\t\t\t<\/div>\n\t\t\t\t<\/div>\n\t\t\t\t<div class=\"elementor-element elementor-element-4088079 elementor-widget elementor-widget-text-editor\" data-id=\"4088079\" data-element_type=\"widget\" data-widget_type=\"text-editor.default\">\n\t\t\t\t<div class=\"elementor-widget-container\">\n\t\t\t<style>\/*! elementor - v3.12.1 - 02-04-2023 *\/\n.elementor-widget-text-editor.elementor-drop-cap-view-stacked .elementor-drop-cap{background-color:#69727d;color:#fff}.elementor-widget-text-editor.elementor-drop-cap-view-framed .elementor-drop-cap{color:#69727d;border:3px solid;background-color:transparent}.elementor-widget-text-editor:not(.elementor-drop-cap-view-default) .elementor-drop-cap{margin-top:8px}.elementor-widget-text-editor:not(.elementor-drop-cap-view-default) .elementor-drop-cap-letter{width:1em;height:1em}.elementor-widget-text-editor .elementor-drop-cap{float:left;text-align:center;line-height:1;font-size:50px}.elementor-widget-text-editor .elementor-drop-cap-letter{display:inline-block}<\/style>\t\t\t\t<p>La politique de qualit\u00e9 de la CLINICA OFTALMOLOGICA OFTALICA est de fournir des soins de sant\u00e9 au patient\/client conform\u00e9ment aux normes de qualit\u00e9 \u00e9tablies par les services fournis, en satisfaisant les besoins et les attentes du patient, avec un service accessible, proche et totalement personnalis\u00e9, en d\u00e9veloppant des processus dont l&rsquo;efficacit\u00e9 scientifique et m\u00e9dicale a \u00e9t\u00e9 prouv\u00e9e pour atteindre des niveaux plus \u00e9lev\u00e9s d&rsquo;efficacit\u00e9 et de s\u00e9curit\u00e9 clinique avec efficacit\u00e9 et dans le respect des exigences et des r\u00e9glementations en vigueur, en s&rsquo;engageant toujours \u00e0 l&rsquo;am\u00e9lioration continue de nos services.<\/p>\n\t\t\t\t\t\t<\/div>\n\t\t\t\t<\/div>\n\t\t\t\t\t<\/div>\n\t\t\t\t<\/div>\n\t\t\t\t\t\t\t<\/div>\n\t\t","protected":false},"excerpt":{"rendered":"<p>Notre politique de qualit\u00e9 La politique de qualit\u00e9 de la CLINICA OFTALMOLOGICA OFTALICA est de fournir des soins de sant\u00e9 au patient\/client conform\u00e9ment aux normes de qualit\u00e9 \u00e9tablies par les services fournis, en satisfaisant les besoins et les attentes du patient, avec un service accessible, proche et totalement personnalis\u00e9, en d\u00e9veloppant des processus dont l&rsquo;efficacit\u00e9 [&hellip;]<\/p>\n","protected":false},"author":2,"featured_media":0,"parent":0,"menu_order":0,"comment_status":"closed","ping_status":"closed","template":"","meta":{"footnotes":""},"class_list":["post-5998","page","type-page","status-publish","hentry"],"_links":{"self":[{"href":"https:\/\/www.oftalica.com\/fr\/wp-json\/wp\/v2\/pages\/5998","targetHints":{"allow":["GET"]}}],"collection":[{"href":"https:\/\/www.oftalica.com\/fr\/wp-json\/wp\/v2\/pages"}],"about":[{"href":"https:\/\/www.oftalica.com\/fr\/wp-json\/wp\/v2\/types\/page"}],"author":[{"embeddable":true,"href":"https:\/\/www.oftalica.com\/fr\/wp-json\/wp\/v2\/users\/2"}],"replies":[{"embeddable":true,"href":"https:\/\/www.oftalica.com\/fr\/wp-json\/wp\/v2\/comments?post=5998"}],"version-history":[{"count":4,"href":"https:\/\/www.oftalica.com\/fr\/wp-json\/wp\/v2\/pages\/5998\/revisions"}],"predecessor-version":[{"id":8040,"href":"https:\/\/www.oftalica.com\/fr\/wp-json\/wp\/v2\/pages\/5998\/revisions\/8040"}],"wp:attachment":[{"href":"https:\/\/www.oftalica.com\/fr\/wp-json\/wp\/v2\/media?parent=5998"}],"curies":[{"name":"wp","href":"https:\/\/api.w.org\/{rel}","templated":true}]}}